{"id":6,"date":"2023-10-18T12:43:50","date_gmt":"2023-10-18T17:43:50","guid":{"rendered":"https:\/\/vpsnotas.com\/portal\/?page_id=6"},"modified":"2026-01-21T12:15:26","modified_gmt":"2026-01-21T17:15:26","slug":"certificados","status":"publish","type":"page","link":"https:\/\/vpsnotas.com\/portal\/certificados\/","title":{"rendered":"Certificados"},"content":{"rendered":"\n<h1 class=\"wp-block-heading has-text-align-center\">CERTIFICADOS<\/h1>\n\n\n\n<p>Para expedici\u00f3n autom\u00e1tica de certificados tenemos las siguientes opciones:<\/p>\n\n\n\n<h2 class=\"wp-block-heading\">Paquetes de certificados en l\u00ednea<\/h2>\n\n\n\n<p>Los siguientes son los costos de los paquetes de certificados:<\/p>\n\n\n\n<figure class=\"wp-block-table\"><table><tbody><tr><td class=\"has-text-align-center\" data-align=\"center\"><strong>Cantidad de Certificados<\/strong><\/td><td class=\"has-text-align-center\" data-align=\"center\"><strong>Valor (Incluye IVA)<\/strong><\/td><td><\/td><\/tr><tr><td class=\"has-text-align-center\" data-align=\"center\">100<\/td><td class=\"has-text-align-center\" data-align=\"center\">$ 60.000<\/td><td><a href=\"https:\/\/servicios.vpsnotas.com\/?idColegio=220&amp;servicio=Paquete%20de%20100%20Certificados\" data-type=\"link\" data-id=\"https:\/\/vpsnotas.com\/portal\/producto\/certificados-en-linea-1000\">Comprar<\/a><\/td><\/tr><tr><td class=\"has-text-align-center\" data-align=\"center\">300<\/td><td class=\"has-text-align-center\" data-align=\"center\">$ 150.000<\/td><td><a href=\"https:\/\/servicios.vpsnotas.com\/?idColegio=220&amp;servicio=Paquete%20de%20300%20Certificados\" data-type=\"link\" data-id=\"https:\/\/vpsnotas.com\/portal\/producto\/certificados-en-linea-300\">Comprar<\/a><\/td><\/tr><tr><td class=\"has-text-align-center\" data-align=\"center\">500<\/td><td class=\"has-text-align-center\" data-align=\"center\">$ 220.000<\/td><td><a href=\"https:\/\/servicios.vpsnotas.com\/?idColegio=220&amp;servicio=Paquete%20de%20500%20Certificados\" data-type=\"link\" data-id=\"https:\/\/vpsnotas.com\/portal\/producto\/certificados-en-linea-500\">Comprar<\/a><\/td><\/tr><tr><td class=\"has-text-align-center\" data-align=\"center\">1000<\/td><td class=\"has-text-align-center\" data-align=\"center\">$ 395.000<\/td><td><a href=\"https:\/\/servicios.vpsnotas.com\/?idColegio=220&amp;servicio=Paquete%20de%201000%20Certificados\">Comprar<\/a><\/td><\/tr><\/tbody><\/table><\/figure>\n\n\n\n<p>Ventajas: <\/p>\n\n\n\n<div class=\"wp-block-group is-layout-constrained wp-block-group-is-layout-constrained\">\n<ul class=\"wp-block-list\">\n<li>No requiere instalar nada en su computador, s\u00f3lo ingrese a nuestro sitio web y genere los certificados<\/li>\n\n\n\n<li>Si para un estudiante genera certificados de m\u00faltiples a\u00f1os, cuenta solamente como un certificado<\/li>\n\n\n\n<li>Los certificados se generan con un c\u00f3digo QR para verificar su autencidad en nuestro sitio web<\/li>\n<\/ul>\n<\/div>\n\n\n\n<h2 class=\"wp-block-heading\">Instalaci\u00f3n en computador local<\/h2>\n\n\n\n<figure class=\"wp-block-table\"><table><tbody><tr><td><strong>Descripci\u00f3n<\/strong><\/td><td class=\"has-text-align-center\" data-align=\"center\"><strong>Valor (Incluye IVA)<\/strong><\/td><td><\/td><\/tr><tr><td>Instalaci\u00f3n del software en m\u00e1ximo 2 computadores<\/td><td class=\"has-text-align-center\" data-align=\"center\">$ 540.000<\/td><td><a href=\"https:\/\/servicios.vpsnotas.com\/?idColegio=220&amp;servicio=Instalaci%C3%B3n%20Software%20Certificados%20(2%20computadores)\" data-type=\"link\" data-id=\"https:\/\/vpsnotas.com\/portal\/producto\/instalacion-software-certificados\/\">Comprar<\/a><\/td><\/tr><tr><td>Computador adicional<\/td><td class=\"has-text-align-center\" data-align=\"center\">$ 70.000<\/td><td><a href=\"https:\/\/servicios.vpsnotas.com\/?idColegio=220&amp;servicio=Instalaci%C3%B3n%20Software%20Certificados%20computador%20adicional\">Comprar<\/a><\/td><\/tr><\/tbody><\/table><\/figure>\n\n\n\n<p>Para m\u00e1s informaci\u00f3n cont\u00e1ctenos al correo <a href=\"mailto:soporte@vpsnotas.com\">soporte@vpsnotas.com<\/a> o en nuestro call center.<\/p>\n","protected":false},"excerpt":{"rendered":"<p>CERTIFICADOS Para expedici\u00f3n autom\u00e1tica de certificados tenemos las siguientes opciones: Paquetes de certificados en l\u00ednea Los siguientes son los costos de los paquetes de certificados: Cantidad de Certificados Valor (Incluye IVA) 100 $ 60.000 Comprar 300 $ 150.000 Comprar 500 $ 220.000 Comprar 1000 $ 395.000 Comprar Ventajas: Instalaci\u00f3n en computador local Descripci\u00f3n Valor (Incluye &hellip;<\/p>\n<p class=\"read-more\"> <a class=\"\" href=\"https:\/\/vpsnotas.com\/portal\/certificados\/\"> <span class=\"screen-reader-text\">Certificados<\/span> Leer m\u00e1s &raquo;<\/a><\/p>\n","protected":false},"author":1,"featured_media":0,"parent":0,"menu_order":0,"comment_status":"closed","ping_status":"closed","template":"","meta":{"site-sidebar-layout":"default","site-content-layout":"","ast-site-content-layout":"narrow-width-container","site-content-style":"default","site-sidebar-style":"default","ast-global-header-display":"","ast-banner-title-visibility":"","ast-main-header-display":"","ast-hfb-above-header-display":"","ast-hfb-below-header-display":"","ast-hfb-mobile-header-display":"","site-post-title":"","ast-breadcrumbs-content":"","ast-featured-img":"","footer-sml-layout":"","theme-transparent-header-meta":"","adv-header-id-meta":"","stick-header-meta":"","header-above-stick-meta":"","header-main-stick-meta":"","header-below-stick-meta":"","astra-migrate-meta-layouts":"","ast-page-background-enabled":"default","ast-page-background-meta":{"desktop":{"background-color":"var(--ast-global-color-4)","background-image":"","background-repeat":"repeat","background-position":"center center","background-size":"auto","background-attachment":"scroll","background-type":"","background-media":"","overlay-type":"","overlay-color":"","overlay-gradient":""},"tablet":{"background-color":"","background-image":"","background-repeat":"repeat","background-position":"center center","background-size":"auto","background-attachment":"scroll","background-type":"","background-media":"","overlay-type":"","overlay-color":"","overlay-gradient":""},"mobile":{"background-color":"","background-image":"","background-repeat":"repeat","background-position":"center center","background-size":"auto","background-attachment":"scroll","background-type":"","background-media":"","overlay-type":"","overlay-color":"","overlay-gradient":""}},"ast-content-background-meta":{"desktop":{"background-color":"var(--ast-global-color-5)","background-image":"","background-repeat":"repeat","background-position":"center center","background-size":"auto","background-attachment":"scroll","background-type":"","background-media":"","overlay-type":"","overlay-color":"","overlay-gradient":""},"tablet":{"background-color":"var(--ast-global-color-5)","background-image":"","background-repeat":"repeat","background-position":"center center","background-size":"auto","background-attachment":"scroll","background-type":"","background-media":"","overlay-type":"","overlay-color":"","overlay-gradient":""},"mobile":{"background-color":"var(--ast-global-color-5)","background-image":"","background-repeat":"repeat","background-position":"center center","background-size":"auto","background-attachment":"scroll","background-type":"","background-media":"","overlay-type":"","overlay-color":"","overlay-gradient":""}},"footnotes":""},"class_list":["post-6","page","type-page","status-publish","hentry"],"_links":{"self":[{"href":"https:\/\/vpsnotas.com\/portal\/wp-json\/wp\/v2\/pages\/6","targetHints":{"allow":["GET"]}}],"collection":[{"href":"https:\/\/vpsnotas.com\/portal\/wp-json\/wp\/v2\/pages"}],"about":[{"href":"https:\/\/vpsnotas.com\/portal\/wp-json\/wp\/v2\/types\/page"}],"author":[{"embeddable":true,"href":"https:\/\/vpsnotas.com\/portal\/wp-json\/wp\/v2\/users\/1"}],"replies":[{"embeddable":true,"href":"https:\/\/vpsnotas.com\/portal\/wp-json\/wp\/v2\/comments?post=6"}],"version-history":[{"count":12,"href":"https:\/\/vpsnotas.com\/portal\/wp-json\/wp\/v2\/pages\/6\/revisions"}],"predecessor-version":[{"id":105,"href":"https:\/\/vpsnotas.com\/portal\/wp-json\/wp\/v2\/pages\/6\/revisions\/105"}],"wp:attachment":[{"href":"https:\/\/vpsnotas.com\/portal\/wp-json\/wp\/v2\/media?parent=6"}],"curies":[{"name":"wp","href":"https:\/\/api.w.org\/{rel}","templated":true}]}}